{"id":35,"date":"2025-12-20T18:11:18","date_gmt":"2025-12-20T18:11:18","guid":{"rendered":"http:\/\/www.mersinduysun.com.tr\/?page_id=35"},"modified":"2025-12-20T18:11:18","modified_gmt":"2025-12-20T18:11:18","slug":"kunye","status":"publish","type":"page","link":"https:\/\/www.mersinduysun.com.tr\/?page_id=35","title":{"rendered":"k\u00fcnye"},"content":{"rendered":"\n<p>imtiyaz sahibi : Yunus Arak\u00e7i<\/p>\n\n\n\n<p>Genel Yay\u0131n Y\u00f6netmeni : Yunus Arak\u00e7i<\/p>\n\n\n\n<p>Haber Merkezi : Mersin<\/p>\n\n\n\n<p>\u0130leti\u015fim : info@mersinduysun.com<\/p>\n\n\n\n<p>yaz\u0131l\u0131m ve tasar\u0131m : Mersin Duysun ekibi<\/p>\n","protected":false},"excerpt":{"rendered":"<p>imtiyaz sahibi : Yunus Arak\u00e7i Genel Yay\u0131n Y\u00f6netmeni : Yunus Arak\u00e7i Haber Merkezi : Mersin \u0130leti\u015fim : info@mersinduysun.com yaz\u0131l\u0131m ve tasar\u0131m : Mersin Duysun ekibi<\/p>\n","protected":false},"author":1,"featured_media":0,"parent":0,"menu_order":0,"comment_status":"closed","ping_status":"closed","template":"","meta":{"footnotes":""},"class_list":["post-35","page","type-page","status-publish","hentry"],"_links":{"self":[{"href":"https:\/\/www.mersinduysun.com.tr\/index.php?rest_route=\/wp\/v2\/pages\/35","targetHints":{"allow":["GET"]}}],"collection":[{"href":"https:\/\/www.mersinduysun.com.tr\/index.php?rest_route=\/wp\/v2\/pages"}],"about":[{"href":"https:\/\/www.mersinduysun.com.tr\/index.php?rest_route=\/wp\/v2\/types\/page"}],"author":[{"embeddable":true,"href":"https:\/\/www.mersinduysun.com.tr\/index.php?rest_route=\/wp\/v2\/users\/1"}],"replies":[{"embeddable":true,"href":"https:\/\/www.mersinduysun.com.tr\/index.php?rest_route=%2Fwp%2Fv2%2Fcomments&post=35"}],"version-history":[{"count":1,"href":"https:\/\/www.mersinduysun.com.tr\/index.php?rest_route=\/wp\/v2\/pages\/35\/revisions"}],"predecessor-version":[{"id":36,"href":"https:\/\/www.mersinduysun.com.tr\/index.php?rest_route=\/wp\/v2\/pages\/35\/revisions\/36"}],"wp:attachment":[{"href":"https:\/\/www.mersinduysun.com.tr\/index.php?rest_route=%2Fwp%2Fv2%2Fmedia&parent=35"}],"curies":[{"name":"wp","href":"https:\/\/api.w.org\/{rel}","templated":true}]}}